{"id":5454,"date":"2025-01-06T08:52:21","date_gmt":"2025-01-06T08:52:21","guid":{"rendered":"https:\/\/www.schlossnarren.at\/?page_id=5454"},"modified":"2025-01-14T17:03:05","modified_gmt":"2025-01-14T17:03:05","slug":"medien-2","status":"publish","type":"page","link":"https:\/\/www.schlossnarren.at\/index.php\/landesnarrentage\/landesnarrentag-2025\/medien-2\/","title":{"rendered":"Medien"},"content":{"rendered":"\n<div class=\"wp-block-columns is-layout-flex wp-container-core-columns-is-layout-9d6595d7 wp-block-columns-is-layout-flex\">\n<div class=\"wp-block-column is-layout-flow wp-block-column-is-layout-flow\">\n<figure class=\"wp-block-image size-large\"><a href=\"https:\/\/www.schlossnarren.at\/wp-content\/uploads\/2025\/01\/VN-Vorbericht-LNT-2025-scaled.jpg\"><img loading=\"lazy\" decoding=\"async\" width=\"998\" height=\"1024\" src=\"https:\/\/www.schlossnarren.at\/wp-content\/uploads\/2025\/01\/VN-Vorbericht-LNT-2025-998x1024.jpg\" alt=\"\" class=\"wp-image-5465\" srcset=\"https:\/\/www.schlossnarren.at\/wp-content\/uploads\/2025\/01\/VN-Vorbericht-LNT-2025-998x1024.jpg 998w, https:\/\/www.schlossnarren.at\/wp-content\/uploads\/2025\/01\/VN-Vorbericht-LNT-2025-292x300.jpg 292w, https:\/\/www.schlossnarren.at\/wp-content\/uploads\/2025\/01\/VN-Vorbericht-LNT-2025-768x788.jpg 768w, https:\/\/www.schlossnarren.at\/wp-content\/uploads\/2025\/01\/VN-Vorbericht-LNT-2025-1497x1536.jpg 1497w, https:\/\/www.schlossnarren.at\/wp-content\/uploads\/2025\/01\/VN-Vorbericht-LNT-2025-1996x2048.jpg 1996w\" sizes=\"auto, (max-width: 767px) 89vw, (max-width: 1000px) 54vw, (max-width: 1071px) 543px, 580px\" \/><\/a><figcaption class=\"wp-element-caption\">VN-Heimat 09.01.2025<\/figcaption><\/figure>\n<\/div>\n\n\n\n<div class=\"wp-block-column is-layout-flow wp-block-column-is-layout-flow\">\n<figure class=\"wp-block-image size-large\"><a href=\"https:\/\/www.schlossnarren.at\/wp-content\/uploads\/2025\/01\/VN-LNT-2025-Wohin-scaled.jpg\"><img loading=\"lazy\" decoding=\"async\" width=\"1024\" height=\"836\" src=\"https:\/\/www.schlossnarren.at\/wp-content\/uploads\/2025\/01\/VN-LNT-2025-Wohin-1024x836.jpg\" alt=\"\" class=\"wp-image-5471\" srcset=\"https:\/\/www.schlossnarren.at\/wp-content\/uploads\/2025\/01\/VN-LNT-2025-Wohin-1024x836.jpg 1024w, https:\/\/www.schlossnarren.at\/wp-content\/uploads\/2025\/01\/VN-LNT-2025-Wohin-300x245.jpg 300w, https:\/\/www.schlossnarren.at\/wp-content\/uploads\/2025\/01\/VN-LNT-2025-Wohin-768x627.jpg 768w, https:\/\/www.schlossnarren.at\/wp-content\/uploads\/2025\/01\/VN-LNT-2025-Wohin-1536x1254.jpg 1536w, https:\/\/www.schlossnarren.at\/wp-content\/uploads\/2025\/01\/VN-LNT-2025-Wohin-2048x1672.jpg 2048w\" sizes=\"auto, (max-width: 767px) 89vw, (max-width: 1000px) 54vw, (max-width: 1071px) 543px, 580px\" \/><\/a><figcaption class=\"wp-element-caption\">VN-Wohin 10.01.2025<\/figcaption><\/figure>\n<\/div>\n<\/div>\n\n\n\n<div class=\"wp-block-columns is-layout-flex wp-container-core-columns-is-layout-9d6595d7 wp-block-columns-is-layout-flex\">\n<div class=\"wp-block-column is-layout-flow wp-block-column-is-layout-flow\">\n<figure class=\"wp-block-image size-large\"><a href=\"https:\/\/www.schlossnarren.at\/wp-content\/uploads\/2025\/01\/Anzeiger-Titel-10.01.2025-scaled.jpg\"><img loading=\"lazy\" decoding=\"async\" width=\"795\" height=\"1024\" src=\"https:\/\/www.schlossnarren.at\/wp-content\/uploads\/2025\/01\/Anzeiger-Titel-10.01.2025-795x1024.jpg\" alt=\"\" class=\"wp-image-5543\" srcset=\"https:\/\/www.schlossnarren.at\/wp-content\/uploads\/2025\/01\/Anzeiger-Titel-10.01.2025-795x1024.jpg 795w, https:\/\/www.schlossnarren.at\/wp-content\/uploads\/2025\/01\/Anzeiger-Titel-10.01.2025-233x300.jpg 233w, https:\/\/www.schlossnarren.at\/wp-content\/uploads\/2025\/01\/Anzeiger-Titel-10.01.2025-768x990.jpg 768w, https:\/\/www.schlossnarren.at\/wp-content\/uploads\/2025\/01\/Anzeiger-Titel-10.01.2025-1192x1536.jpg 1192w, https:\/\/www.schlossnarren.at\/wp-content\/uploads\/2025\/01\/Anzeiger-Titel-10.01.2025-1590x2048.jpg 1590w, https:\/\/www.schlossnarren.at\/wp-content\/uploads\/2025\/01\/Anzeiger-Titel-10.01.2025-scaled.jpg 1987w\" sizes=\"auto, (max-width: 767px) 89vw, (max-width: 1000px) 54vw, (max-width: 1071px) 543px, 580px\" \/><\/a><figcaption class=\"wp-element-caption\">Dornbirner Anzeiger 10.01.2025<\/figcaption><\/figure>\n<\/div>\n\n\n\n<div class=\"wp-block-column is-layout-flow wp-block-column-is-layout-flow\">\n<figure class=\"wp-block-image size-large\"><a href=\"https:\/\/www.schlossnarren.at\/wp-content\/uploads\/2025\/01\/Anzeiger-Vorbericht-10.01.2025-scaled.jpg\"><img loading=\"lazy\" decoding=\"async\" width=\"765\" height=\"1024\" src=\"https:\/\/www.schlossnarren.at\/wp-content\/uploads\/2025\/01\/Anzeiger-Vorbericht-10.01.2025-765x1024.jpg\" alt=\"\" class=\"wp-image-5542\" srcset=\"https:\/\/www.schlossnarren.at\/wp-content\/uploads\/2025\/01\/Anzeiger-Vorbericht-10.01.2025-765x1024.jpg 765w, https:\/\/www.schlossnarren.at\/wp-content\/uploads\/2025\/01\/Anzeiger-Vorbericht-10.01.2025-224x300.jpg 224w, https:\/\/www.schlossnarren.at\/wp-content\/uploads\/2025\/01\/Anzeiger-Vorbericht-10.01.2025-768x1028.jpg 768w, https:\/\/www.schlossnarren.at\/wp-content\/uploads\/2025\/01\/Anzeiger-Vorbericht-10.01.2025-1148x1536.jpg 1148w, https:\/\/www.schlossnarren.at\/wp-content\/uploads\/2025\/01\/Anzeiger-Vorbericht-10.01.2025-1530x2048.jpg 1530w, https:\/\/www.schlossnarren.at\/wp-content\/uploads\/2025\/01\/Anzeiger-Vorbericht-10.01.2025-scaled.jpg 1913w\" sizes=\"auto, (max-width: 706px) 89vw, (max-width: 767px) 82vw, 740px\" \/><\/a><figcaption class=\"wp-element-caption\">Dornbirner Anzeiger 10.01.2025<\/figcaption><\/figure>\n<\/div>\n<\/div>\n\n\n\n<hr class=\"wp-block-separator has-alpha-channel-opacity is-style-wide\"\/>\n\n\n\n<p style=\"font-size:30px\"><strong>Hohenems avanciert zur Narrenhochburg Vorarlbergs<\/strong><\/p>\n\n\n\n<p><strong>Bereits zum sechsten Mal meistern die Embser Schlossnarren als Ausrichter den<\/strong> <strong> 39. Vorarlberger Landesnarrentag. Die 39. Auflage am Sonntag, den 12. Januar 2025 steht ganz im Zeichen des 60-j\u00e4hrigen Bestehens der gro\u00dfen st\u00e4dtischen Zunftorganisation.<\/strong><\/p>\n\n\n\n<p><\/p>\n\n\n\n<p>Gro\u00df ist die Vorfreude auf das n\u00e4rrische Mega-Event allemal, fand der letzte gemeinschaftliche Auftakt der VVF-Mitglieder zuletzt beim Narrentag 2020 in Schlins statt. Nachfolgend galt es aufgrund der Pandemie das n\u00e4rrische Kulturgut auf Sparflamme zu zelebrieren, w\u00e4hrend die f\u00fcnfte Jahreszeit gegenw\u00e4rtig wieder f\u00fcr alle Generationen im L\u00e4ndle mit einer hohen Identifikation behaftet ist. \u201eIch freue mich sehr, dass wir mit den jubilierenden Embser Schlossnarren einen sehr erfahrenen Ausrichter zur Hand haben\u201c, fiebert auch Landesverbandspr\u00e4sidentin Barbara L\u00e4sser dem Gro\u00dfereignis entgegen. \u00dcbrigens, f\u00fcr die Lustenauerin ist es der erste Landesnarrentag seit ihrem Amtsantritt im Fr\u00fchjahr 2021. \u201eMein Dank gilt den Schlossnarren f\u00fcr ihr Engagement und den Einsatz zur Durchf\u00fchrung der herausfordernden Veranstaltung\u201c, so die Verbandsvorsitzende abschlie\u00dfend mit dem Verweis auf die hohe Bedeutung der n\u00e4rrischen Gemeinschaft und deren Br\u00e4uche und Traditionen.<\/p>\n\n\n\n<p><strong>Stolzer Geburtstag<\/strong><\/p>\n\n\n\n<p>Das landesweite Treffen der im Verband beheimateten Vereine avanciert diesmal aber nicht nur zu einem farbenpr\u00e4chtigen und lautstarken Spektakel, gilt es auch, einen stolzen Geburtstag geb\u00fchrend zu feiern. So gehen die ersten Akzente des jubilierenden Vereins (damals ein Faschingskomitee) auf das Jahr 1965 zur\u00fcck. Interessant ist auch, dass 1983 mit der Stadterhebung von den Schlossnarren ein Narrentag durchgef\u00fchrt wurde. Ab diesem Zeitpunkt bildete dann ein Reigen an Ritterpaaren \u2013 davor wurden die n\u00e4rrisch-k\u00f6niglichen Hoheiten als Prinzenpaare betitelt \u2013 die Spitze der Narrenorganisation. Zuletzt hatten Ritter Martin I.  und Ihre Lieblichkeit Sandra diese Funktion inne. Die n\u00e4rrische Identifikation zur einstigen Grafenstadt etabliert sich zudem im Wappen der Schlossnarren, wo ein auf dem Kopf stehender Steinbock mit dem Palast von Hohenems zu sehen ist.<\/p>\n\n\n\n<p><strong>Unvergessliches Erlebnis<\/strong><\/p>\n\n\n\n<p>\u201eDer Narrentag in Vorarlberg ist weit mehr als nur eine Tradition, er markiert auch unvergessliches und enthusiastisches Erlebnis f\u00fcr Klein und Gro\u00df\u201c, ist sich Karl-Heinz Sutter als Pr\u00e4sident der Embser Schlossnarren sicher. Die Vorbereitungen dazu laufen im 5-k\u00f6pfigen OK-Team mit Dagmar Peschl (Umzug), Alexandra Breh-List und Kurt Jechsmayer (Wirtschaft), Thomas Kertel (Koordination Verband) und Pr\u00e4sident Sutter (Gesamtleitung) seit gut einem Jahr. Am ersten Sonntag nach Dreik\u00f6nig werden rund 250 HelferInnen \u2013 gr\u00f6\u00dftenteils aus den 11 eigenen Mitgliederorganisationen des st\u00e4dtischen Dachverbandes \u2013 f\u00fcr einen reibungslosen Ablauf sorgen. Zeitgerecht f\u00fcr das Jubil\u00e4um pr\u00e4sentiert sich das Leitungsgremium der Schlossnarren auch im neuen Outfit.<\/p>\n\n\n\n<p><strong>Gro\u00dfer Umzug im Herrenried<\/strong><\/p>\n\n\n\n<p>Unbestrittener H\u00f6hepunkt ist der gro\u00dfe Umzug ab 13.30 Uhr mit knapp 100 Gruppen und 3.000 Aktiven im Stadtteil Herrenried. Zuvor gibt es den \u00f6ffentlichen Fr\u00fchschoppen mit viel Show von Garden, Gugga, Fanfaren und Schalmeien sowie dem Kinderprogramm im Tennis-Event-Center, wo p\u00fcnktlich um 11.11 Uhr die Fasnat offiziell von VVF-Pr\u00e4sidentin L\u00e4sser im Beisein der Zunft-Delegationen aus beinahe allen Landesteilen ausgerufen wird. Nach dem Umzug bildet das bunte Narrentreiben im Tennis-Event-Center den geselligen Ausklang des Landesnarrentages 2025 in der Nibelungenstadt. Zur An- und Abreise empfehlen die Organisatoren die Nutzung von Bus und Bahn. Festhalle und Umzugsstrecke sind vom Bahnhof Hohenems in wenigen Gehminuten erreichbar.<\/p>\n","protected":false},"excerpt":{"rendered":"<p>Hohenems avanciert zur Narrenhochburg Vorarlbergs Bereits zum sechsten Mal meistern die Embser Schlossnarren als Ausrichter den 39. Vorarlberger Landesnarrentag. Die 39. Auflage am Sonntag, den 12. Januar 2025 steht ganz im Zeichen des 60-j\u00e4hrigen Bestehens der gro\u00dfen st\u00e4dtischen Zunftorganisation. Gro\u00df ist die Vorfreude auf das n\u00e4rrische Mega-Event allemal, fand der letzte gemeinschaftliche Auftakt der VVF-Mitglieder &hellip; <\/p>\n<p class=\"link-more\"><a href=\"https:\/\/www.schlossnarren.at\/index.php\/landesnarrentage\/landesnarrentag-2025\/medien-2\/\" class=\"more-link\"><span class=\"screen-reader-text\">\u201eMedien\u201c <\/span>weiterlesen<\/a><\/p>\n","protected":false},"author":1,"featured_media":0,"parent":4140,"menu_order":1,"comment_status":"closed","ping_status":"closed","template":"","meta":{"pgc_sgb_lightbox_settings":"","footnotes":""},"class_list":["post-5454","page","type-page","status-publish","hentry"],"_links":{"self":[{"href":"https:\/\/www.schlossnarren.at\/index.php\/wp-json\/wp\/v2\/pages\/5454","targetHints":{"allow":["GET"]}}],"collection":[{"href":"https:\/\/www.schlossnarren.at\/index.php\/wp-json\/wp\/v2\/pages"}],"about":[{"href":"https:\/\/www.schlossnarren.at\/index.php\/wp-json\/wp\/v2\/types\/page"}],"author":[{"embeddable":true,"href":"https:\/\/www.schlossnarren.at\/index.php\/wp-json\/wp\/v2\/users\/1"}],"replies":[{"embeddable":true,"href":"https:\/\/www.schlossnarren.at\/index.php\/wp-json\/wp\/v2\/comments?post=5454"}],"version-history":[{"count":15,"href":"https:\/\/www.schlossnarren.at\/index.php\/wp-json\/wp\/v2\/pages\/5454\/revisions"}],"predecessor-version":[{"id":5545,"href":"https:\/\/www.schlossnarren.at\/index.php\/wp-json\/wp\/v2\/pages\/5454\/revisions\/5545"}],"up":[{"embeddable":true,"href":"https:\/\/www.schlossnarren.at\/index.php\/wp-json\/wp\/v2\/pages\/4140"}],"wp:attachment":[{"href":"https:\/\/www.schlossnarren.at\/index.php\/wp-json\/wp\/v2\/media?parent=5454"}],"curies":[{"name":"wp","href":"https:\/\/api.w.org\/{rel}","templated":true}]}}