{"id":8013,"date":"2025-12-08T23:05:38","date_gmt":"2025-12-08T23:05:38","guid":{"rendered":"https:\/\/www.schlossnarren.at\/?page_id=8013"},"modified":"2025-12-08T23:06:53","modified_gmt":"2025-12-08T23:06:53","slug":"impressum","status":"publish","type":"page","link":"https:\/\/www.schlossnarren.at\/index.php\/impressum\/","title":{"rendered":"Impressum"},"content":{"rendered":"\n<p><strong>Verantwortlich f\u00fcr den Inhalt<\/strong><br><br>Karl-Heinz Sutter<br>Pr\u00e4sident Zunft Embser Schlossnarren<br>Ermenstrasse 17<br>6845 Hohenems<br><br>+43(0)664 554 74 74<br><a href=\"mailto:thomas.kertel@schlossnarren.at\" target=\"_blank\" rel=\"noreferrer noopener\"><\/a><a href=\"mailto:karl-heinz.sutter@gmx.at\">pr\u00e4sident@schlossnarren.at<\/a><br><br>Vereinsregister ZVR-Nr. 568 618 423<\/p>\n","protected":false},"excerpt":{"rendered":"<p>Verantwortlich f\u00fcr den Inhalt Karl-Heinz SutterPr\u00e4sident Zunft Embser SchlossnarrenErmenstrasse 176845 Hohenems +43(0)664 554 74 74pr\u00e4sident@schlossnarren.at Vereinsregister ZVR-Nr. 568 618 423<\/p>\n","protected":false},"author":1,"featured_media":0,"parent":0,"menu_order":0,"comment_status":"closed","ping_status":"closed","template":"","meta":{"pgc_sgb_lightbox_settings":"","footnotes":""},"class_list":["post-8013","page","type-page","status-publish","hentry"],"_links":{"self":[{"href":"https:\/\/www.schlossnarren.at\/index.php\/wp-json\/wp\/v2\/pages\/8013","targetHints":{"allow":["GET"]}}],"collection":[{"href":"https:\/\/www.schlossnarren.at\/index.php\/wp-json\/wp\/v2\/pages"}],"about":[{"href":"https:\/\/www.schlossnarren.at\/index.php\/wp-json\/wp\/v2\/types\/page"}],"author":[{"embeddable":true,"href":"https:\/\/www.schlossnarren.at\/index.php\/wp-json\/wp\/v2\/users\/1"}],"replies":[{"embeddable":true,"href":"https:\/\/www.schlossnarren.at\/index.php\/wp-json\/wp\/v2\/comments?post=8013"}],"version-history":[{"count":2,"href":"https:\/\/www.schlossnarren.at\/index.php\/wp-json\/wp\/v2\/pages\/8013\/revisions"}],"predecessor-version":[{"id":8017,"href":"https:\/\/www.schlossnarren.at\/index.php\/wp-json\/wp\/v2\/pages\/8013\/revisions\/8017"}],"wp:attachment":[{"href":"https:\/\/www.schlossnarren.at\/index.php\/wp-json\/wp\/v2\/media?parent=8013"}],"curies":[{"name":"wp","href":"https:\/\/api.w.org\/{rel}","templated":true}]}}